{"id":4034,"date":"2022-04-19T11:53:06","date_gmt":"2022-04-19T09:53:06","guid":{"rendered":"https:\/\/www.kfz-gasser.it\/imprint\/"},"modified":"2022-04-19T11:56:27","modified_gmt":"2022-04-19T09:56:27","slug":"imprint","status":"publish","type":"page","link":"https:\/\/www.kfz-gasser.it\/it\/imprint\/","title":{"rendered":"Imprint"},"content":{"rendered":"\t\t<div data-elementor-type=\"wp-page\" data-elementor-id=\"4034\" class=\"elementor elementor-4034 elementor-4022\" data-elementor-post-type=\"page\">\n\t\t\t\t\t\t<section class=\"elementor-section elementor-top-section elementor-element elementor-element-6f3bb38 elementor-section-boxed elementor-section-height-default elementor-section-height-default\" data-id=\"6f3bb38\" data-element_type=\"section\" data-e-type=\"section\">\n\t\t\t\t\t\t<div class=\"elementor-container elementor-column-gap-default\">\n\t\t\t\t\t<div class=\"elementor-column elementor-col-100 elementor-top-column elementor-element elementor-element-7f68bc5\" data-id=\"7f68bc5\" data-element_type=\"column\" data-e-type=\"column\">\n\t\t\t<div class=\"elementor-widget-wrap elementor-element-populated\">\n\t\t\t\t\t\t<div class=\"elementor-element elementor-element-b5b92f5 elementor-widget elementor-widget-text-editor\" data-id=\"b5b92f5\" data-element_type=\"widget\" data-e-type=\"widget\" data-widget_type=\"text-editor.default\">\n\t\t\t\t<div class=\"elementor-widget-container\">\n\t\t\t\t\t\t\t\t\t<p><strong>Committente e responsabile per il contenuto (foto e testi)<\/strong><\/p><p>Auto Gasser SNC d. Gasser Oliver &amp; Jonas<br \/>Campi di Sotto 81<br \/>I-39049 Vipiteno (BZ)<br \/>Tel.: +39 0472 764279<br \/>Cell.: +39 335 1312079<br \/>E-Mail: <a href=\"mailto:info@kfz-gasser.it\">info@kfz-gasser.it<\/a>\u00a0\u00a0\u00a0\u00a0\u00a0\u00a0\u00a0\u00a0\u00a0 <br \/>PEC: <a href=\"mailto:autogasser@legalmail.it\">autogasser@legalmail.it<\/a><br \/>Internet: <a href=\"http:\/\/www.kfz-gasser.it\">www.kfz-gasser.it<\/a><\/p><p>Legale rappresentante e direttore amministrativo: Gasser Oliver, Gasser Jonas, Gasser Peter<br \/>Direttore: Gasser Oliver, Gasser Jonas, Gasser Peter<br \/>Soci: Gasser Oliver, Gasser Jonas, Gasser Peter<br \/>Capitale sociale: 210.000 \u20ac I.V.<br \/>Camera di commercio (n. R.E.A.): BZ-208937<br \/>Partita IVA: 02825980218<br \/>Codice fiscale: 02825980218<\/p><p>Responsabile per il contenuto: Auto Gasser SNC d. Gasser Oliver &amp; Jonas<\/p><p><strong>Responsabile per <\/strong><strong>il concetto, webdesign e realizzazione<\/strong><strong>:<\/strong><\/p><p>Webillusions di Harald Wieser<br \/>Vicolo delle Rondini 2<br \/>I-39049 Vipiteno<br \/><a href=\"mailto:info@webillusions.it\">info@webillusions.it<\/a><br \/><a href=\"http:\/\/www.webillusions.it\" target=\"_blank\" rel=\"noopener\">www.webillusions.it<\/a><br \/>P.I.: 03034590210<br \/>C.F.: WSRHLD80E03M067D<br \/>Cell.: +39 380 7193423<\/p><p><strong>Link disclaimer<\/strong><\/p><p>La ditta <strong>Auto Gasser SNC d. Gasser Oliver &amp; Jonas<\/strong> \u00e8 impegnata a provvedere alla correttezza delle informazioni contenute nel presente sito web. Comunque non si garantisce per l&#8217;attualit\u00e0, correttezza e completezza per le informazioni rese a disposizione. Inoltre, la ditta <strong>Auto Gasser SNC d. Gasser Oliver &amp; Jonas<\/strong> non \u00e8 responsabile per il contenuto dei siti esterni connesse tramite hyperlink. La ditta <strong>Auto Gasser SNC d. Gasser Oliver &amp; Jonas<\/strong> si riserva il diritto di cambiare o completare le informazioni rese a disposizione senza preavviso.<\/p><p><strong>Titolare del trattamento dei dati personali<\/strong><\/p><p>Titolare del trattamento dei dati personali derivante dall&#8217;accesso e utilizzo del sito \u00e8 la ditta <strong>Auto Gasser SNC d. Gasser Oliver &amp; Jonas<\/strong> con sede a I-39049 Vipiteno (BZ), Campi di Sotto 81. Il garante della privacy \u00e9 Signor <strong>Gasser Oliver, Gasser Jonas, Gasser Peter<\/strong>.<\/p><p>Al fine di conoscere in modo dettagliato le modalit\u00e0 di gestione del sito relativamente al trattamento dei dati degli utenti che lo consultano si rimanda alla pagina privacy policy.<\/p><p><strong>Google Analytics \u2013 Check the Web \u2013 etracker<\/strong><\/p><p>Il presente sito web utilizza Google Analytics, un servizio di analisi web della Google Inc. (&#8220;Google&#8221;)e\/oppure Check the Web, un servizio analisi web dell\u2019Altea S.r.l. (&#8220;Altea&#8221;) e\/oppure etracker, un servizio analisi web di etracker S.r.l. (&#8220;etracker&#8221;). Tali programmi utilizzano i cosiddetti \u201ccookies\u201d, cio\u00e8 file di testo salvati sul vostro pc per rendere possibile l\u2019analisi dell\u2019uso del sito web. Le informazioni generate dai cookies sull\u2019utilizzo di questa pagina web (incluso il vostro indirizzo IP) saranno trasferite e salvate sul server di Google e\/oppure Altea e\/oppure etracker per analizzare i dati sull\u2019uso del sito, per elaborare protocolli sull\u2019attivit\u00e0 nel web per i responsabili del sito e per offrirvi ulteriori servizi connessi all\u2019uso del sito web e dell\u2019internet. Google e\/oppure Altea e\/oppure etracker possono trasmettere tali dati a terzi se previsto dalla legge o se tali terzi sono incaricati di elaborare questi dati nel nome di Google e\/oppure Altea e\/oppure etracker. In nessun caso il vostro indirizzo IP sar\u00e0 collegato con altri dati di Google e\/oppure Altea e\/oppure etracker. Potete impedire l\u2019installazione dei cookies attraverso l\u2019apposita configurazione del software del vostro browser, tuttavia rendiamo noto che in questo caso non potrete usufruire della complessivit\u00e0 dei servizi di questo sito web. Tramite l\u2019uso di questo sito web date il consenso sul trattamento dei dati ricavati da parte di Google e\/oppure Altea e\/oppure etracker nella maniera descritta e agli scopi menzionati.<\/p><p><strong>Facebook Social Plugins<\/strong><\/p><p>Questo sito utilizza social plugins del social network facebook.com (Facebook Inc., 1601 S. California Ave, Palo Alto, CA 94304, USA). Riconoscete il plugin grazie al logo di Facebook oppure al titolo \u201cFacebook Social Plugin\u201d. Attraverso questo plugin sono eseguite le seguenti funzioni:<\/p><p>&#8211; il vostro browser crea un collegamento diretto con i server di Facebook<\/p><p>&#8211; I contenuti di plugin sono trasmessi direttamente da Facebook al vostro browser e inseriti automaticamente nel plugin<\/p><p>&#8211; Facebook riceve l&#8217;informazione che voi avete visitato questo sito e se siete connessi a Facebook, questo pu\u00f2 assegnare la vostra visita su questo sito nel vostro conto di Facebook<\/p><p>&#8211; Le interazioni da parte vostra con il plugin saranno inoltrate dal vostro browser direttamente a Facebook e qui registrate<\/p><p>Potete avere maggiori informazioni sullo scopo, l&#8217;ampiezza e l&#8217;elaborazione dei vostri dati e dei vostri diritti consultando la regolamentazione della protezione dei dati di Facebook. Se non desiderate che Facebook raccolga queste informazioni su di voi, dove disconnettervi da Facebook prima di visitarci.<\/p><p><strong>Foto<\/strong><\/p><p>\u00a9 2022 &#8211; <strong>Auto Gasser SNC d. Gasser Oliver &amp; Jonas<\/strong><\/p><p><strong>Copyright &#8211; Condizioni di utilizzo del materiale pubblicato<\/strong><\/p><p>I diritti d&#8217;autore dei contenuti del sito web della ditta <strong>Auto Gasser SNC d. Gasser Oliver &amp; Jonas<\/strong> sono protetti. Tutti gli elementi dell&#8217;interfaccia grafica e le immagini che non siano gi\u00e0 protette dal diritto d&#8217;autore &#8211; \u00e8 di propriet\u00e0 e copyright di <strong>Auto Gasser SNC d. Gasser Oliver &amp; Jonas<\/strong>.<\/p><p>La riproduzione di informazioni, soprattutto l&#8217;utilizzo di testi, segmenti testuali o materiale grafico abbisogna della previa autorizzazione della ditta <strong>Auto Gasser SNC d. Gasser Oliver &amp; Jonas<\/strong>.<\/p><p>Questo sito web \u00e8 stato offerto dalla ditta <strong>Auto Gasser SNC d. Gasser Oliver &amp; Jonas<\/strong>.<\/p><p>\u00a9 <strong>Auto Gasser SNC d. Gasser Oliver &amp; Jonas<\/strong> <strong>2022<\/strong> &#8211; Tutti i diritti riservati<\/p>\t\t\t\t\t\t\t\t<\/div>\n\t\t\t\t<\/div>\n\t\t\t\t\t<\/div>\n\t\t<\/div>\n\t\t\t\t\t<\/div>\n\t\t<\/section>\n\t\t\t\t<section class=\"elementor-section elementor-top-section elementor-element elementor-element-e16a666 elementor-section-boxed elementor-section-height-default elementor-section-height-default\" data-id=\"e16a666\" data-element_type=\"section\" data-e-type=\"section\">\n\t\t\t\t\t\t<div class=\"elementor-container elementor-column-gap-default\">\n\t\t\t\t\t<div class=\"elementor-column elementor-col-100 elementor-top-column elementor-element elementor-element-50c397f\" data-id=\"50c397f\" data-element_type=\"column\" data-e-type=\"column\">\n\t\t\t<div class=\"elementor-widget-wrap elementor-element-populated\">\n\t\t\t\t\t\t<div class=\"elementor-element elementor-element-27c4372 elementor-widget elementor-widget-spacer\" data-id=\"27c4372\" data-element_type=\"widget\" data-e-type=\"widget\" data-widget_type=\"spacer.default\">\n\t\t\t\t<div class=\"elementor-widget-container\">\n\t\t\t\t\t\t\t<div class=\"elementor-spacer\">\n\t\t\t<div class=\"elementor-spacer-inner\"><\/div>\n\t\t<\/div>\n\t\t\t\t\t\t<\/div>\n\t\t\t\t<\/div>\n\t\t\t\t\t<\/div>\n\t\t<\/div>\n\t\t\t\t\t<\/div>\n\t\t<\/section>\n\t\t\t\t<\/div>\n\t\t","protected":false},"excerpt":{"rendered":"<p>Committente e responsabile per il contenuto (foto e testi) Auto Gasser SNC d. Gasser Oliver &amp; JonasCampi di Sotto 81I-39049 Vipiteno (BZ)Tel.: +39 0472 764279Cell.: +39 335 1312079E-Mail: info@kfz-gasser.it\u00a0\u00a0\u00a0\u00a0\u00a0\u00a0\u00a0\u00a0\u00a0 PEC: autogasser@legalmail.itInternet: www.kfz-gasser.it Legale rappresentante e direttore amministrativo: Gasser Oliver, Gasser Jonas, Gasser PeterDirettore: Gasser Oliver, Gasser Jonas, Gasser PeterSoci: Gasser Oliver, Gasser Jonas, Gasser PeterCapitale [&hellip;]<\/p>\n","protected":false},"author":2,"featured_media":0,"parent":0,"menu_order":0,"comment_status":"closed","ping_status":"closed","template":"","meta":{"footnotes":""},"class_list":["post-4034","page","type-page","status-publish","hentry"],"yoast_head":"<!-- This site is optimized with the Yoast SEO plugin v27.4 - https:\/\/yoast.com\/product\/yoast-seo-wordpress\/ -->\n<title>Imprint - KFZ Gasser - Autorisierte Werkstatt in Sterzing<\/title>\n<meta name=\"robots\" content=\"index, follow, max-snippet:-1, max-image-preview:large, max-video-preview:-1\" \/>\n<link rel=\"canonical\" href=\"https:\/\/www.kfz-gasser.it\/it\/imprint\/\" \/>\n<meta property=\"og:locale\" content=\"it_IT\" \/>\n<meta property=\"og:type\" content=\"article\" \/>\n<meta property=\"og:title\" content=\"Imprint - KFZ Gasser - Autorisierte Werkstatt in Sterzing\" \/>\n<meta property=\"og:description\" content=\"Committente e responsabile per il contenuto (foto e testi) Auto Gasser SNC d. Gasser Oliver &amp; JonasCampi di Sotto 81I-39049 Vipiteno (BZ)Tel.: +39 0472 764279Cell.: +39 335 1312079E-Mail: info@kfz-gasser.it\u00a0\u00a0\u00a0\u00a0\u00a0\u00a0\u00a0\u00a0\u00a0 PEC: autogasser@legalmail.itInternet: www.kfz-gasser.it Legale rappresentante e direttore amministrativo: Gasser Oliver, Gasser Jonas, Gasser PeterDirettore: Gasser Oliver, Gasser Jonas, Gasser PeterSoci: Gasser Oliver, Gasser Jonas, Gasser PeterCapitale [&hellip;]\" \/>\n<meta property=\"og:url\" content=\"https:\/\/www.kfz-gasser.it\/it\/imprint\/\" \/>\n<meta property=\"og:site_name\" content=\"KFZ Gasser - Autorisierte Werkstatt in Sterzing\" \/>\n<meta property=\"article:modified_time\" content=\"2022-04-19T09:56:27+00:00\" \/>\n<meta name=\"twitter:card\" content=\"summary_large_image\" \/>\n<meta name=\"twitter:label1\" content=\"Tempo di lettura stimato\" \/>\n\t<meta name=\"twitter:data1\" content=\"5 minuti\" \/>\n<script type=\"application\/ld+json\" class=\"yoast-schema-graph\">{\"@context\":\"https:\\\/\\\/schema.org\",\"@graph\":[{\"@type\":\"WebPage\",\"@id\":\"https:\\\/\\\/www.kfz-gasser.it\\\/it\\\/imprint\\\/\",\"url\":\"https:\\\/\\\/www.kfz-gasser.it\\\/it\\\/imprint\\\/\",\"name\":\"Imprint - KFZ Gasser - Autorisierte Werkstatt in Sterzing\",\"isPartOf\":{\"@id\":\"https:\\\/\\\/www.kfz-gasser.it\\\/#website\"},\"datePublished\":\"2022-04-19T09:53:06+00:00\",\"dateModified\":\"2022-04-19T09:56:27+00:00\",\"breadcrumb\":{\"@id\":\"https:\\\/\\\/www.kfz-gasser.it\\\/it\\\/imprint\\\/#breadcrumb\"},\"inLanguage\":\"it-IT\",\"potentialAction\":[{\"@type\":\"ReadAction\",\"target\":[\"https:\\\/\\\/www.kfz-gasser.it\\\/it\\\/imprint\\\/\"]}]},{\"@type\":\"BreadcrumbList\",\"@id\":\"https:\\\/\\\/www.kfz-gasser.it\\\/it\\\/imprint\\\/#breadcrumb\",\"itemListElement\":[{\"@type\":\"ListItem\",\"position\":1,\"name\":\"Home\",\"item\":\"https:\\\/\\\/www.kfz-gasser.it\\\/it\\\/\"},{\"@type\":\"ListItem\",\"position\":2,\"name\":\"Imprint\"}]},{\"@type\":\"WebSite\",\"@id\":\"https:\\\/\\\/www.kfz-gasser.it\\\/#website\",\"url\":\"https:\\\/\\\/www.kfz-gasser.it\\\/\",\"name\":\"KFZ Gasser - Autorisierte Werkstatt in Sterzing\",\"description\":\"Ihr KFZ-Reparaturdienst in Sterzing!\",\"potentialAction\":[{\"@type\":\"SearchAction\",\"target\":{\"@type\":\"EntryPoint\",\"urlTemplate\":\"https:\\\/\\\/www.kfz-gasser.it\\\/?s={search_term_string}\"},\"query-input\":{\"@type\":\"PropertyValueSpecification\",\"valueRequired\":true,\"valueName\":\"search_term_string\"}}],\"inLanguage\":\"it-IT\"}]}<\/script>\n<!-- \/ Yoast SEO plugin. -->","yoast_head_json":{"title":"Imprint - KFZ Gasser - Autorisierte Werkstatt in Sterzing","robots":{"index":"index","follow":"follow","max-snippet":"max-snippet:-1","max-image-preview":"max-image-preview:large","max-video-preview":"max-video-preview:-1"},"canonical":"https:\/\/www.kfz-gasser.it\/it\/imprint\/","og_locale":"it_IT","og_type":"article","og_title":"Imprint - KFZ Gasser - Autorisierte Werkstatt in Sterzing","og_description":"Committente e responsabile per il contenuto (foto e testi) Auto Gasser SNC d. Gasser Oliver &amp; JonasCampi di Sotto 81I-39049 Vipiteno (BZ)Tel.: +39 0472 764279Cell.: +39 335 1312079E-Mail: info@kfz-gasser.it\u00a0\u00a0\u00a0\u00a0\u00a0\u00a0\u00a0\u00a0\u00a0 PEC: autogasser@legalmail.itInternet: www.kfz-gasser.it Legale rappresentante e direttore amministrativo: Gasser Oliver, Gasser Jonas, Gasser PeterDirettore: Gasser Oliver, Gasser Jonas, Gasser PeterSoci: Gasser Oliver, Gasser Jonas, Gasser PeterCapitale [&hellip;]","og_url":"https:\/\/www.kfz-gasser.it\/it\/imprint\/","og_site_name":"KFZ Gasser - Autorisierte Werkstatt in Sterzing","article_modified_time":"2022-04-19T09:56:27+00:00","twitter_card":"summary_large_image","twitter_misc":{"Tempo di lettura stimato":"5 minuti"},"schema":{"@context":"https:\/\/schema.org","@graph":[{"@type":"WebPage","@id":"https:\/\/www.kfz-gasser.it\/it\/imprint\/","url":"https:\/\/www.kfz-gasser.it\/it\/imprint\/","name":"Imprint - KFZ Gasser - Autorisierte Werkstatt in Sterzing","isPartOf":{"@id":"https:\/\/www.kfz-gasser.it\/#website"},"datePublished":"2022-04-19T09:53:06+00:00","dateModified":"2022-04-19T09:56:27+00:00","breadcrumb":{"@id":"https:\/\/www.kfz-gasser.it\/it\/imprint\/#breadcrumb"},"inLanguage":"it-IT","potentialAction":[{"@type":"ReadAction","target":["https:\/\/www.kfz-gasser.it\/it\/imprint\/"]}]},{"@type":"BreadcrumbList","@id":"https:\/\/www.kfz-gasser.it\/it\/imprint\/#breadcrumb","itemListElement":[{"@type":"ListItem","position":1,"name":"Home","item":"https:\/\/www.kfz-gasser.it\/it\/"},{"@type":"ListItem","position":2,"name":"Imprint"}]},{"@type":"WebSite","@id":"https:\/\/www.kfz-gasser.it\/#website","url":"https:\/\/www.kfz-gasser.it\/","name":"KFZ Gasser - Autorisierte Werkstatt in Sterzing","description":"Ihr KFZ-Reparaturdienst in Sterzing!","potentialAction":[{"@type":"SearchAction","target":{"@type":"EntryPoint","urlTemplate":"https:\/\/www.kfz-gasser.it\/?s={search_term_string}"},"query-input":{"@type":"PropertyValueSpecification","valueRequired":true,"valueName":"search_term_string"}}],"inLanguage":"it-IT"}]}},"_links":{"self":[{"href":"https:\/\/www.kfz-gasser.it\/it\/wp-json\/wp\/v2\/pages\/4034","targetHints":{"allow":["GET"]}}],"collection":[{"href":"https:\/\/www.kfz-gasser.it\/it\/wp-json\/wp\/v2\/pages"}],"about":[{"href":"https:\/\/www.kfz-gasser.it\/it\/wp-json\/wp\/v2\/types\/page"}],"author":[{"embeddable":true,"href":"https:\/\/www.kfz-gasser.it\/it\/wp-json\/wp\/v2\/users\/2"}],"replies":[{"embeddable":true,"href":"https:\/\/www.kfz-gasser.it\/it\/wp-json\/wp\/v2\/comments?post=4034"}],"version-history":[{"count":4,"href":"https:\/\/www.kfz-gasser.it\/it\/wp-json\/wp\/v2\/pages\/4034\/revisions"}],"predecessor-version":[{"id":4038,"href":"https:\/\/www.kfz-gasser.it\/it\/wp-json\/wp\/v2\/pages\/4034\/revisions\/4038"}],"wp:attachment":[{"href":"https:\/\/www.kfz-gasser.it\/it\/wp-json\/wp\/v2\/media?parent=4034"}],"curies":[{"name":"wp","href":"https:\/\/api.w.org\/{rel}","templated":true}]}}