{"id":4050,"date":"2022-04-19T12:01:27","date_gmt":"2022-04-19T10:01:27","guid":{"rendered":"https:\/\/www.kfz-gasser.it\/datenschutz\/"},"modified":"2022-04-19T12:05:12","modified_gmt":"2022-04-19T10:05:12","slug":"privacy","status":"publish","type":"page","link":"https:\/\/www.kfz-gasser.it\/it\/privacy\/","title":{"rendered":"Privacy"},"content":{"rendered":"\t\t<div data-elementor-type=\"wp-page\" data-elementor-id=\"4050\" class=\"elementor elementor-4050 elementor-4039\" data-elementor-post-type=\"page\">\n\t\t\t\t\t\t<section class=\"elementor-section elementor-top-section elementor-element elementor-element-6f3bb38 elementor-section-boxed elementor-section-height-default elementor-section-height-default\" data-id=\"6f3bb38\" data-element_type=\"section\" data-e-type=\"section\">\n\t\t\t\t\t\t<div class=\"elementor-container elementor-column-gap-default\">\n\t\t\t\t\t<div class=\"elementor-column elementor-col-100 elementor-top-column elementor-element elementor-element-7f68bc5\" data-id=\"7f68bc5\" data-element_type=\"column\" data-e-type=\"column\">\n\t\t\t<div class=\"elementor-widget-wrap elementor-element-populated\">\n\t\t\t\t\t\t<div class=\"elementor-element elementor-element-b5b92f5 elementor-widget elementor-widget-text-editor\" data-id=\"b5b92f5\" data-element_type=\"widget\" data-e-type=\"widget\" data-widget_type=\"text-editor.default\">\n\t\t\t\t<div class=\"elementor-widget-container\">\n\t\t\t\t\t\t\t\t\t<p><strong>Informativa ai sensi dell\u2019art. 13 D.Lgs. 196\/2003<\/strong><\/p><p><strong>Auto Gasser SNC d. Gasser Oliver &amp; Jonas<\/strong><br \/>Campi di Sotto 81<br \/>I-39049 Vipiteno (BZ)<br \/>Tel.: +39 0472 764279<br \/>Cell.: +39 335 1312079<br \/>E-Mail: <a href=\"mailto:info@kfz-gasser.it\">info@kfz-gasser.it<\/a><br \/>PEC: <a href=\"mailto:autogasser@legalmail.it\">autogasser@legalmail.it<\/a><br \/>Internet: <a href=\"http:\/\/www.kfz-gasser.it\">www.kfz-gasser.it<\/a><\/p><p>Ai sensi dell\u2019articolo 13 del D.Lgs n. 196\/2003 Le forniamo le seguenti informazioni: la ditta <strong>Auto Gasser SNC d. Gasser Oliver &amp; Jonas<\/strong> con sede a I-39049 Vipiteno (BZ), Campi di Sotto 81, utilizzer\u00e0 i vostri dati per i seguenti scopi: Invio di E-Mail e comunicazioni pubblicitarie, per adempiere agli obblighi di legge derivanti anche da normative locali e comunali nonch\u00e9 da norme del diritto civile e penale, per adempiere ad eventuali obblighi contrattuali nei confronti dell\u2019interessato, alla tutela del credito e gestione del debito.<\/p><p>I vostri dati saranno elaborati e memorizzati in formato elettronico. la ditta <strong>Auto Gasser SNC d. Gasser Oliver &amp; Jonas<\/strong> con sede a I-39049 Vipiteno (BZ), Campi di Sotto 81, garantisce ai sensi di legge che il trattamento dei dati personali avviene nel rispetto dei diritti fondamentali nonch\u00e9 della dignit\u00e0 dell\u2019interessato, in particolare per quanto riguarda la segretezza, l\u2019identit\u00e0 personale e il diritto alla tutela degli stessi.<\/p><p>In relazione alle finalit\u00e0 di cui sopra i vostri dati personali verranno comunicati se necessario:<\/p><p>&#8211; alle Pubbliche Amministrazioni ed Autorit\u00e0, ove previsto dalla legge<\/p><p>&#8211; ad Istituti di credito con i quali la ns. ditta ha rapporti per la gestione dei crediti\/debiti e l\u2019intermediazione finanziaria<\/p><p>&#8211; a tutte quelle persone fisiche e\/o giuridiche, pubbliche e\/o private (studi di consulenza legale, amministrativa e fiscale, uffici giudiziari, Camere di Commercio ecc.), quando la comunicazione risulti necessaria o funzionale allo svolgimento della nostra attivit\u00e0 e nei modi e per le finalit\u00e0 sopra elencate<\/p><p>I dati personali trattati dalla nostra societ\u00e0 non sono soggetti a diffusione. Il trattamento potr\u00e0 effettuarsi con o senza l\u2019ausilio di mezzi elettronici e comunque automatizzati e comprender\u00e0 tutte le operazioni previste all\u2019art. 4 comma 1, lettera a, Dlgs 30 giugno 2003 nr. 196 e necessarie al trattamento in questione. Comunque il trattamento sar\u00e0 effettuato nell\u2019osservanza di ogni misura cautelativa, che ne garantisca la sicurezza e la riservatezza.<\/p><p>Il trattamento dei dati \u00e8 a cura di <strong>Gasser Oliver, Gasser Jonas, Gasser Peter<\/strong>.<\/p><p>In ogni momento potrete esercitare i vostri diritti nei confronti del titolare del trattamento, ai sensi dell\u2019art. 7 del D. lgs. 196\/2003, che per vostra comodit\u00e0 riproduciamo integralmente:<\/p><p><strong>Articolo 7 &#8211; Diritto di accesso ai dati personali ed altri diritti<\/strong><\/p><ol><li>L&#8217;interessato ha diritto di ottenere la conferma dell&#8217;esistenza o meno di dati personali che lo riguardano, anche se non ancora registrati, e la loro comunicazione in forma intelligibile.<\/li><li>L&#8217;interessato ha diritto di ottenere l&#8217;indicazione:<\/li><li>a) dell&#8217;origine dei dati personali;<br \/>b) delle finalit\u00e0 e modalit\u00e0 del trattamento;<br \/>c) della logica applicata in caso di trattamento effettuato con l&#8217;ausilio di strumenti elettronici;<br \/>d) degli estremi identificativi del titolare, dei responsabili e del rappresentante designato ai sensi dell&#8217;articolo 5, comma 2;<br \/>e) dei soggetti o delle categorie di soggetti ai quali i dati personali possono essere comunicati o che possono venirne a conoscenza in qualit\u00e0 di rappresentante designato nel territorio dello Stato, di responsabili o incaricati.<\/li><li>L&#8217;interessato ha diritto di ottenere:<\/li><li>a) l&#8217;aggiornamento, la rettificazione ovvero, quando vi ha interesse, l&#8217;integrazione dei dati;<br \/>b) la cancellazione, la trasformazione in forma anonima o il blocco dei dati trattati in violazione di legge, compresi quelli di cui non \u00e8 necessaria la conservazione in relazione agli scopi per i quali i dati sono stati raccolti o successivamente trattati;<br \/>c) l&#8217;attestazione che le operazioni di cui alle lettere a) e b) sono state portate a conoscenza, anche per quanto riguarda il loro contenuto, di coloro ai quali i dati sono stati comunicati o diffusi, eccettuato il caso in cui tale adempimento si rivela impossibile o comporta un impiego di mezzi manifestamente sproporzionato rispetto al diritto tutelato.<\/li><li>L&#8217;interessato ha diritto di opporsi, in tutto o in parte:<\/li><li>a) per motivi legittimi al trattamento dei dati personali che lo riguardano, ancorch\u00e9 pertinenti allo scopo della raccolta;<br \/>b) b) al trattamento di dati personali che lo riguardano a fini di invio di materiale pubblicitario o di vendita diretta o per il compimento di ricerche di mercato o di comunicazione commerciale.<br \/><br \/><\/li><\/ol><p>I diritti in oggetto possono essere esercitati, anche per il tramite di un incaricato, medi-ante richiesta rivolta alla responsabile persona, Signor <strong>Gasser Oliver, Gasser Jonas, Gasser Peter<\/strong>.<\/p><p>Il garante della privacy \u00e9 Signor <strong>Gasser Oliver, Gasser Jonas, Gasser Peter<\/strong>.<\/p><p><strong>Il titolare del trattamento in oggetto \u00e8:<\/strong><\/p><p><strong>Auto Gasser SNC d. Gasser Oliver &amp; Jonas<\/strong><br \/>Legale rappresentante e direttore amministrativo: Gasser Oliver, Gasser Jonas, Gasser Peter<br \/>Direttore: Gasser Oliver, Gasser Jonas, Gasser Peter<br \/>Soci: Gasser Oliver, Gasser Jonas, Gasser Peter<br \/>Capitale sociale: 210.000 \u20ac I.V.<\/p><p><strong>Auto Gasser SNC d. Gasser Oliver &amp; Jonas<\/strong><br \/>Campi di Sotto 81<br \/>I-39049 Vipiteno (BZ)<br \/>Tel.: +39 0472 764279<br \/>Cell.: +39 335 1312079<br \/>E-Mail: <a href=\"mailto:info@kfz-gasser.it\">info@kfz-gasser.it<\/a>\u00a0\u00a0\u00a0\u00a0\u00a0\u00a0\u00a0\u00a0\u00a0 <br \/>PEC: <a href=\"mailto:autogasser@legalmail.it\">autogasser@legalmail.it<\/a><br \/>Internet: <a href=\"http:\/\/www.kfz-gasser.it\">www.kfz-gasser.it<\/a><\/p><p>Camera di commercio (n. R.E.A.): BZ-208937<br \/>Partita IVA: 02825980218<br \/>Codice fiscale: 02825980218<\/p><p>Responsabile per il contenuto ai sensi dell\u2019art. 6 del codice di deontologia: <strong>Auto Gasser SNC d. Gasser Oliver &amp; Jonas<\/strong><\/p><p><strong>Informazioni su cookie<br \/><\/strong><\/p><p>Sulla nostra pagina utilizziamo i cosiddetti cookies. Si tratta di piccoli file di testo che il suo browser di internet archivia e memorizza sul suo terminale. Un cookie non contiene o raccoglie, in via di principio, alcuna informazione personale su di lei o sul suo utilizzo di internet. I dati personali possono tuttavia essere memorizzati in cookies se lei lo ha approvato o se ci\u00f2, per motivi tecnici (ad es. per rendere possibile un login protetto) \u00e8 assolutamente necessario.<\/p><p>I cookies sul suo computer o altro terminale utilizzato, tuttavia, possono far s\u00ec che in caso di visita a una pagina web siano messi a sua disposizione servizi e contenuti calibrati in modo specifico sui suoi bisogni, ricordandole, ad esempio, prodotti o impostazioni da lei scelti. In tal caso viene tuttavia solamente identificato il cookie sul suo terminale e non il terminale o lei stesso.<\/p><p>Utilizziamo i cookies per poterci ricordare delle sue scelte e delle sue impostazioni e aumentare la soddisfazione dell&#8217;utente migliorando il nostro sito web e offrendo contenuti ritagliati in modo ottimale rispetto ai suoi bisogni.<\/p><p><strong>I cookies ci consentono anche di memorizzare quanto segue:<\/strong><\/p><p>&#8211; Le sue impostazioni del browser, come p. es. la tipologia di browser utilizzata e i plugin installati. Ci\u00f2 fa s\u00ec che, a ogni visita nel nostro sito web, non le domandiamo se ha installato il software necessario, per, ad es., mostrare video o grafici che mettiamo a disposizione sulle pagine di internet.<\/p><p>&#8211;\u00a0 Il suo paese e la lingua scelta. Una volta selezionato l&#8217;inglese come lingua preferita, questa diventa la lingua standard che sar\u00e0 utilizzata automaticamente alla sua successiva visita del sito.<\/p><p>&#8211;\u00a0 I suoi movimenti sul nostro sito web e il suo utilizzo. Nel corso di questa procedura non raccogliamo dati personali, bens\u00ec dati statistici che consentono di ottimizzare il nostro sito.<\/p><p>Potranno inserire cookies su nostro incarico anche, ad esempio, agenzie di comunicazione o aziende di marketing affiliate che ci offrono servizi di marketing. Il suo cookie \u00e8 necessario per capire la bont\u00e0 delle nostre campagne di marketing. Possiamo cos\u00ec adattare in modo pi\u00f9 mirato i contenuti delle nostre pagine ai suoi bisogni, migliorando la nostra offerta a sua disposizione. Questi cookies, tuttavia, non memorizzano alcun dato personale.<\/p><p>Alcuni cookies saranno attivi fino a quando lei spegner\u00e0 il browser, altri saranno salvati per un periodo di tempo pi\u00f9 lungo.<\/p><p><strong>Come posso impedire che vengano collocati dei cookies?<\/strong><\/p><p>La maggior parte dei browser del web accettano i cookies automaticamente. Potr\u00e0 impedire di salvare cookies sul suo computer o altro terminale impostando il browser in modo tale da non accettarli. Alcuni browser hanno modalit\u00e0 particolari che consentono di cancellare i cookies in ogni momento dopo avere visitato un sito web. Questa funzione, in Internet Explorer 8 o nelle versioni pi\u00f9 recenti, si chiama &#8220;InPrivate-Browsen&#8221;; &#8220;Incognito&#8221; in Google Chrome versione 10 e nelle versioni pi\u00f9 recenti; &#8220;modalit\u00e0 privata&#8221; in Firefox versione 3.5 e nelle versioni pi\u00f9 recenti; &#8220;navigazione privata&#8221; in Safari versione 2 e nelle versioni pi\u00f9 recenti; &#8220;tab privato&#8221; in Opera versione 10.5 e nelle versioni pi\u00f9 recenti. Informazioni esatte su come modificare le impostazioni dei cookies le trover\u00e0 nell&#8217;area &#8220;Aiuto&#8221; del suo browser. Potr\u00e0 cancellare i cookies che sono gi\u00e0 salvati nel suo computer o altro terminale in ogni momento.<\/p><p>Se decider\u00e0 di non accettare mai cookies potr\u00e0 comunque visitare e utilizzare il nostro sito web; tuttavia non potremo, se i cookies sono disattivati, garantirle alcun funzionamento ottimale del browser e, inoltre, potr\u00e0 accadere che determinati contenuti non saranno disponibili e che, pertanto, l&#8217;utilizzo del sito sar\u00e0 possibile solo in modo limitato.<\/p><p>Ulteriori informazioni sull&#8217;eliminazione\/disabilitare i cookies si trovano su <a href=\"https:\/\/support.google.com\/accounts\/answer\/32050?hl=it\" target=\"_blank\" rel=\"noopener\">questo sito<\/a>.<\/p>\t\t\t\t\t\t\t\t<\/div>\n\t\t\t\t<\/div>\n\t\t\t\t\t<\/div>\n\t\t<\/div>\n\t\t\t\t\t<\/div>\n\t\t<\/section>\n\t\t\t\t<section class=\"elementor-section elementor-top-section elementor-element elementor-element-e16a666 elementor-section-boxed elementor-section-height-default elementor-section-height-default\" data-id=\"e16a666\" data-element_type=\"section\" data-e-type=\"section\">\n\t\t\t\t\t\t<div class=\"elementor-container elementor-column-gap-default\">\n\t\t\t\t\t<div class=\"elementor-column elementor-col-100 elementor-top-column elementor-element elementor-element-50c397f\" data-id=\"50c397f\" data-element_type=\"column\" data-e-type=\"column\">\n\t\t\t<div class=\"elementor-widget-wrap elementor-element-populated\">\n\t\t\t\t\t\t<div class=\"elementor-element elementor-element-27c4372 elementor-widget elementor-widget-spacer\" data-id=\"27c4372\" data-element_type=\"widget\" data-e-type=\"widget\" data-widget_type=\"spacer.default\">\n\t\t\t\t<div class=\"elementor-widget-container\">\n\t\t\t\t\t\t\t<div class=\"elementor-spacer\">\n\t\t\t<div class=\"elementor-spacer-inner\"><\/div>\n\t\t<\/div>\n\t\t\t\t\t\t<\/div>\n\t\t\t\t<\/div>\n\t\t\t\t\t<\/div>\n\t\t<\/div>\n\t\t\t\t\t<\/div>\n\t\t<\/section>\n\t\t\t\t<\/div>\n\t\t","protected":false},"excerpt":{"rendered":"<p>Informativa ai sensi dell\u2019art. 13 D.Lgs. 196\/2003 Auto Gasser SNC d. Gasser Oliver &amp; JonasCampi di Sotto 81I-39049 Vipiteno (BZ)Tel.: +39 0472 764279Cell.: +39 335 1312079E-Mail: info@kfz-gasser.itPEC: autogasser@legalmail.itInternet: www.kfz-gasser.it Ai sensi dell\u2019articolo 13 del D.Lgs n. 196\/2003 Le forniamo le seguenti informazioni: la ditta Auto Gasser SNC d. Gasser Oliver &amp; Jonas con sede a [&hellip;]<\/p>\n","protected":false},"author":2,"featured_media":0,"parent":0,"menu_order":0,"comment_status":"closed","ping_status":"closed","template":"","meta":{"footnotes":""},"class_list":["post-4050","page","type-page","status-publish","hentry"],"yoast_head":"<!-- This site is optimized with the Yoast SEO plugin v27.4 - https:\/\/yoast.com\/product\/yoast-seo-wordpress\/ -->\n<title>Privacy - KFZ Gasser - Autorisierte Werkstatt in Sterzing<\/title>\n<meta name=\"robots\" content=\"index, follow, max-snippet:-1, max-image-preview:large, max-video-preview:-1\" \/>\n<link rel=\"canonical\" href=\"https:\/\/www.kfz-gasser.it\/it\/privacy\/\" \/>\n<meta property=\"og:locale\" content=\"it_IT\" \/>\n<meta property=\"og:type\" content=\"article\" \/>\n<meta property=\"og:title\" content=\"Privacy - KFZ Gasser - Autorisierte Werkstatt in Sterzing\" \/>\n<meta property=\"og:description\" content=\"Informativa ai sensi dell\u2019art. 13 D.Lgs. 196\/2003 Auto Gasser SNC d. Gasser Oliver &amp; JonasCampi di Sotto 81I-39049 Vipiteno (BZ)Tel.: +39 0472 764279Cell.: +39 335 1312079E-Mail: info@kfz-gasser.itPEC: autogasser@legalmail.itInternet: www.kfz-gasser.it Ai sensi dell\u2019articolo 13 del D.Lgs n. 196\/2003 Le forniamo le seguenti informazioni: la ditta Auto Gasser SNC d. Gasser Oliver &amp; Jonas con sede a [&hellip;]\" \/>\n<meta property=\"og:url\" content=\"https:\/\/www.kfz-gasser.it\/it\/privacy\/\" \/>\n<meta property=\"og:site_name\" content=\"KFZ Gasser - Autorisierte Werkstatt in Sterzing\" \/>\n<meta property=\"article:modified_time\" content=\"2022-04-19T10:05:12+00:00\" \/>\n<meta name=\"twitter:card\" content=\"summary_large_image\" \/>\n<meta name=\"twitter:label1\" content=\"Tempo di lettura stimato\" \/>\n\t<meta name=\"twitter:data1\" content=\"8 minuti\" \/>\n<script type=\"application\/ld+json\" class=\"yoast-schema-graph\">{\"@context\":\"https:\\\/\\\/schema.org\",\"@graph\":[{\"@type\":\"WebPage\",\"@id\":\"https:\\\/\\\/www.kfz-gasser.it\\\/it\\\/privacy\\\/\",\"url\":\"https:\\\/\\\/www.kfz-gasser.it\\\/it\\\/privacy\\\/\",\"name\":\"Privacy - KFZ Gasser - Autorisierte Werkstatt in Sterzing\",\"isPartOf\":{\"@id\":\"https:\\\/\\\/www.kfz-gasser.it\\\/#website\"},\"datePublished\":\"2022-04-19T10:01:27+00:00\",\"dateModified\":\"2022-04-19T10:05:12+00:00\",\"breadcrumb\":{\"@id\":\"https:\\\/\\\/www.kfz-gasser.it\\\/it\\\/privacy\\\/#breadcrumb\"},\"inLanguage\":\"it-IT\",\"potentialAction\":[{\"@type\":\"ReadAction\",\"target\":[\"https:\\\/\\\/www.kfz-gasser.it\\\/it\\\/privacy\\\/\"]}]},{\"@type\":\"BreadcrumbList\",\"@id\":\"https:\\\/\\\/www.kfz-gasser.it\\\/it\\\/privacy\\\/#breadcrumb\",\"itemListElement\":[{\"@type\":\"ListItem\",\"position\":1,\"name\":\"Home\",\"item\":\"https:\\\/\\\/www.kfz-gasser.it\\\/it\\\/\"},{\"@type\":\"ListItem\",\"position\":2,\"name\":\"Privacy\"}]},{\"@type\":\"WebSite\",\"@id\":\"https:\\\/\\\/www.kfz-gasser.it\\\/#website\",\"url\":\"https:\\\/\\\/www.kfz-gasser.it\\\/\",\"name\":\"KFZ Gasser - Autorisierte Werkstatt in Sterzing\",\"description\":\"Ihr KFZ-Reparaturdienst in Sterzing!\",\"potentialAction\":[{\"@type\":\"SearchAction\",\"target\":{\"@type\":\"EntryPoint\",\"urlTemplate\":\"https:\\\/\\\/www.kfz-gasser.it\\\/?s={search_term_string}\"},\"query-input\":{\"@type\":\"PropertyValueSpecification\",\"valueRequired\":true,\"valueName\":\"search_term_string\"}}],\"inLanguage\":\"it-IT\"}]}<\/script>\n<!-- \/ Yoast SEO plugin. -->","yoast_head_json":{"title":"Privacy - KFZ Gasser - Autorisierte Werkstatt in Sterzing","robots":{"index":"index","follow":"follow","max-snippet":"max-snippet:-1","max-image-preview":"max-image-preview:large","max-video-preview":"max-video-preview:-1"},"canonical":"https:\/\/www.kfz-gasser.it\/it\/privacy\/","og_locale":"it_IT","og_type":"article","og_title":"Privacy - KFZ Gasser - Autorisierte Werkstatt in Sterzing","og_description":"Informativa ai sensi dell\u2019art. 13 D.Lgs. 196\/2003 Auto Gasser SNC d. Gasser Oliver &amp; JonasCampi di Sotto 81I-39049 Vipiteno (BZ)Tel.: +39 0472 764279Cell.: +39 335 1312079E-Mail: info@kfz-gasser.itPEC: autogasser@legalmail.itInternet: www.kfz-gasser.it Ai sensi dell\u2019articolo 13 del D.Lgs n. 196\/2003 Le forniamo le seguenti informazioni: la ditta Auto Gasser SNC d. Gasser Oliver &amp; Jonas con sede a [&hellip;]","og_url":"https:\/\/www.kfz-gasser.it\/it\/privacy\/","og_site_name":"KFZ Gasser - Autorisierte Werkstatt in Sterzing","article_modified_time":"2022-04-19T10:05:12+00:00","twitter_card":"summary_large_image","twitter_misc":{"Tempo di lettura stimato":"8 minuti"},"schema":{"@context":"https:\/\/schema.org","@graph":[{"@type":"WebPage","@id":"https:\/\/www.kfz-gasser.it\/it\/privacy\/","url":"https:\/\/www.kfz-gasser.it\/it\/privacy\/","name":"Privacy - KFZ Gasser - Autorisierte Werkstatt in Sterzing","isPartOf":{"@id":"https:\/\/www.kfz-gasser.it\/#website"},"datePublished":"2022-04-19T10:01:27+00:00","dateModified":"2022-04-19T10:05:12+00:00","breadcrumb":{"@id":"https:\/\/www.kfz-gasser.it\/it\/privacy\/#breadcrumb"},"inLanguage":"it-IT","potentialAction":[{"@type":"ReadAction","target":["https:\/\/www.kfz-gasser.it\/it\/privacy\/"]}]},{"@type":"BreadcrumbList","@id":"https:\/\/www.kfz-gasser.it\/it\/privacy\/#breadcrumb","itemListElement":[{"@type":"ListItem","position":1,"name":"Home","item":"https:\/\/www.kfz-gasser.it\/it\/"},{"@type":"ListItem","position":2,"name":"Privacy"}]},{"@type":"WebSite","@id":"https:\/\/www.kfz-gasser.it\/#website","url":"https:\/\/www.kfz-gasser.it\/","name":"KFZ Gasser - Autorisierte Werkstatt in Sterzing","description":"Ihr KFZ-Reparaturdienst in Sterzing!","potentialAction":[{"@type":"SearchAction","target":{"@type":"EntryPoint","urlTemplate":"https:\/\/www.kfz-gasser.it\/?s={search_term_string}"},"query-input":{"@type":"PropertyValueSpecification","valueRequired":true,"valueName":"search_term_string"}}],"inLanguage":"it-IT"}]}},"_links":{"self":[{"href":"https:\/\/www.kfz-gasser.it\/it\/wp-json\/wp\/v2\/pages\/4050","targetHints":{"allow":["GET"]}}],"collection":[{"href":"https:\/\/www.kfz-gasser.it\/it\/wp-json\/wp\/v2\/pages"}],"about":[{"href":"https:\/\/www.kfz-gasser.it\/it\/wp-json\/wp\/v2\/types\/page"}],"author":[{"embeddable":true,"href":"https:\/\/www.kfz-gasser.it\/it\/wp-json\/wp\/v2\/users\/2"}],"replies":[{"embeddable":true,"href":"https:\/\/www.kfz-gasser.it\/it\/wp-json\/wp\/v2\/comments?post=4050"}],"version-history":[{"count":5,"href":"https:\/\/www.kfz-gasser.it\/it\/wp-json\/wp\/v2\/pages\/4050\/revisions"}],"predecessor-version":[{"id":4055,"href":"https:\/\/www.kfz-gasser.it\/it\/wp-json\/wp\/v2\/pages\/4050\/revisions\/4055"}],"wp:attachment":[{"href":"https:\/\/www.kfz-gasser.it\/it\/wp-json\/wp\/v2\/media?parent=4050"}],"curies":[{"name":"wp","href":"https:\/\/api.w.org\/{rel}","templated":true}]}}